{"id":20,"date":"2025-05-24T01:32:10","date_gmt":"2025-05-24T01:32:10","guid":{"rendered":"https:\/\/sofiainteriorismo.com\/?page_id=20"},"modified":"2025-10-13T22:20:41","modified_gmt":"2025-10-13T22:20:41","slug":"equipo","status":"publish","type":"page","link":"https:\/\/sofiainteriorismo.com\/en\/equipo\/","title":{"rendered":"Team"},"content":{"rendered":"<p>Our studio is made up of a multidisciplinary group of professionals who share experience and vision. We have specialized departments that allow us to cover every stage of the creative process with precision and excellence. <\/p>\n\n\n\n<p>From conceptual design and material selection to technical execution and project supervision, our team works together to ensure every detail aligns with the client\u2019s vision. Architects, designers, 3D visualizers, and project managers join forces to bring unique spaces to life and create meaningful experiences.<\/p>","protected":false},"excerpt":{"rendered":"<p>Nuestro estudio est\u00e1 conformado por un grupo multidisciplinario de profesionales que comparten experiencia y visi\u00f3n. Contamos con departamentos especializados que nos permiten abarcar cada etapa del proceso creativo con precisi\u00f3n y excelencia. Desde el dise\u00f1o conceptual y la selecci\u00f3n de materiales, hasta la ejecuci\u00f3n t\u00e9cnica y la supervisi\u00f3n de obra, nuestro equipo trabaja en conjunto [&hellip;]<\/p>\n","protected":false},"author":1,"featured_media":0,"parent":0,"menu_order":0,"comment_status":"closed","ping_status":"closed","template":"team.php","meta":{"_acf_changed":false,"footnotes":""},"class_list":["post-20","page","type-page","status-publish","hentry"],"acf":[],"_links":{"self":[{"href":"https:\/\/sofiainteriorismo.com\/en\/wp-json\/wp\/v2\/pages\/20","targetHints":{"allow":["GET"]}}],"collection":[{"href":"https:\/\/sofiainteriorismo.com\/en\/wp-json\/wp\/v2\/pages"}],"about":[{"href":"https:\/\/sofiainteriorismo.com\/en\/wp-json\/wp\/v2\/types\/page"}],"author":[{"embeddable":true,"href":"https:\/\/sofiainteriorismo.com\/en\/wp-json\/wp\/v2\/users\/1"}],"replies":[{"embeddable":true,"href":"https:\/\/sofiainteriorismo.com\/en\/wp-json\/wp\/v2\/comments?post=20"}],"version-history":[{"count":8,"href":"https:\/\/sofiainteriorismo.com\/en\/wp-json\/wp\/v2\/pages\/20\/revisions"}],"predecessor-version":[{"id":775,"href":"https:\/\/sofiainteriorismo.com\/en\/wp-json\/wp\/v2\/pages\/20\/revisions\/775"}],"wp:attachment":[{"href":"https:\/\/sofiainteriorismo.com\/en\/wp-json\/wp\/v2\/media?parent=20"}],"curies":[{"name":"wp","href":"https:\/\/api.w.org\/{rel}","templated":true}]}}