{"id":18,"date":"2025-05-24T01:31:58","date_gmt":"2025-05-24T01:31:58","guid":{"rendered":"https:\/\/sofiainteriorismo.com\/?page_id=18"},"modified":"2025-10-13T22:20:33","modified_gmt":"2025-10-13T22:20:33","slug":"estudio","status":"publish","type":"page","link":"https:\/\/sofiainteriorismo.com\/en\/estudio\/","title":{"rendered":"Studio"},"content":{"rendered":"<p><br>In 2012, Mar\u00eda Jos\u00e9 and Bel\u00e9n joined forces to bring Sof\u00eda to life, a character they both dreamed of becoming. A designer driven by imagination, who creates pieces that tell stories and designs spaces where we love to be.<\/p>\n\n\n\n<p>Today, Sof\u00eda is a studio made up of a team of professionals specialized in developing interior design concepts and in the detailed execution of projects for restaurants, hotels, offices, and residences.<\/p>","protected":false},"excerpt":{"rendered":"<p>En 2012, Mar\u00eda Jos\u00e9 y Bel\u00e9n se unieron para darle vida a Sof\u00eda: un personaje que ambas so\u00f1aban ser. Una dise\u00f1adora impulsada por la imaginaci\u00f3n, que crea piezas que cuentan historias y dise\u00f1a espacios en los que nos gusta estar. Hoy en d\u00eda, Sof\u00eda es un estudio conformado por un equipo de profesionales especializados en [&hellip;]<\/p>\n","protected":false},"author":1,"featured_media":580,"parent":0,"menu_order":0,"comment_status":"closed","ping_status":"closed","template":"studio.php","meta":{"_acf_changed":false,"footnotes":""},"class_list":["post-18","page","type-page","status-publish","has-post-thumbnail","hentry"],"acf":[],"_links":{"self":[{"href":"https:\/\/sofiainteriorismo.com\/en\/wp-json\/wp\/v2\/pages\/18","targetHints":{"allow":["GET"]}}],"collection":[{"href":"https:\/\/sofiainteriorismo.com\/en\/wp-json\/wp\/v2\/pages"}],"about":[{"href":"https:\/\/sofiainteriorismo.com\/en\/wp-json\/wp\/v2\/types\/page"}],"author":[{"embeddable":true,"href":"https:\/\/sofiainteriorismo.com\/en\/wp-json\/wp\/v2\/users\/1"}],"replies":[{"embeddable":true,"href":"https:\/\/sofiainteriorismo.com\/en\/wp-json\/wp\/v2\/comments?post=18"}],"version-history":[{"count":10,"href":"https:\/\/sofiainteriorismo.com\/en\/wp-json\/wp\/v2\/pages\/18\/revisions"}],"predecessor-version":[{"id":774,"href":"https:\/\/sofiainteriorismo.com\/en\/wp-json\/wp\/v2\/pages\/18\/revisions\/774"}],"wp:featuredmedia":[{"embeddable":true,"href":"https:\/\/sofiainteriorismo.com\/en\/wp-json\/wp\/v2\/media\/580"}],"wp:attachment":[{"href":"https:\/\/sofiainteriorismo.com\/en\/wp-json\/wp\/v2\/media?parent=18"}],"curies":[{"name":"wp","href":"https:\/\/api.w.org\/{rel}","templated":true}]}}